{"id":13,"date":"2012-06-03T19:41:14","date_gmt":"2012-06-03T19:41:14","guid":{"rendered":"http:\/\/www.toque-musicall.com\/?page_id=13"},"modified":"2012-06-03T19:41:14","modified_gmt":"2012-06-03T19:41:14","slug":"apresentacao","status":"publish","type":"page","link":"https:\/\/www.toque-musicall.com\/?page_id=13","title":{"rendered":"Apresenta\u00e7\u00e3o"},"content":{"rendered":"<p><a href=\"https:\/\/www.toque-musicall.com\/wp-content\/uploads\/TOQUEp.jpg\"><img loading=\"lazy\" decoding=\"async\" class=\"alignnone size-full wp-image-14\" title=\"TOQUEp\" src=\"https:\/\/www.toque-musicall.com\/wp-content\/uploads\/TOQUEp.jpg\" alt=\"\" width=\"1000\" height=\"998\" srcset=\"https:\/\/www.toque-musicall.com\/wp-content\/uploads\/TOQUEp.jpg 1000w, https:\/\/www.toque-musicall.com\/wp-content\/uploads\/TOQUEp-150x150.jpg 150w, https:\/\/www.toque-musicall.com\/wp-content\/uploads\/TOQUEp-300x300.jpg 300w\" sizes=\"auto, (max-width: 1000px) 100vw, 1000px\" \/><\/a>O Toque Musical \u00e9 um blog amador de car\u00e1ter exclusivamente cultural e sem fins lucrativos, que tem por objetivo manter viva a mem\u00f3ria musical e fonogr\u00e1fica no Brasil. \u00c9 tamb\u00e9m de interesse deste blog incluir a produ\u00e7\u00e3o internacional quando esta se faz pertinente ou relacionada a temas e artistas brasileiros. O Toque Musical n\u00e3o hospeda arquivos e nem os negocia. Os t\u00edtulos apresentados aqui s\u00e3o apenas para avalia\u00e7\u00e3o e por um prazo limitado, conforme a pol\u00edtica de cada provedor. As informa\u00e7\u00f5es contidas neste blog s\u00e3o pessoais, representando apenas a vis\u00e3o de seu autor. Aqui s\u00e3o publicados, regularmente, apenas \u00e1lbuns raros e fora de cat\u00e1logo. Discos lan\u00e7ados no mercado h\u00e1 mais de vinte anos, que se encontram fora do circuito comercial e produ\u00e7\u00f5es independentes enviadas por artistas e autores. Para ter acesso ao conte\u00fado das postagens \u00e9 necess\u00e1rio estar associado ao GTM (Grupo do Toque Musical). Leia antes o texto do cabe\u00e7alho do blog e entenda a nossa pol\u00edtica. Para maiores informa\u00e7\u00f5es, reclama\u00e7\u00f5es e doa\u00e7\u00f5es musicais, entre em contato pelo toquelinkmusical@gmail.com<\/p>\n","protected":false},"excerpt":{"rendered":"<p>O Toque Musical \u00e9 um blog amador de car\u00e1ter exclusivamente cultural e sem fins lucrativos, que tem por objetivo manter viva a mem\u00f3ria musical e fonogr\u00e1fica no Brasil. \u00c9 tamb\u00e9m de interesse deste blog incluir a produ\u00e7\u00e3o internacional quando esta &hellip; <a href=\"https:\/\/www.toque-musicall.com\/?page_id=13\">Continue lendo <span class=\"meta-nav\">&rarr;<\/span><\/a><\/p>\n","protected":false},"author":1,"featured_media":0,"parent":0,"menu_order":0,"comment_status":"open","ping_status":"closed","template":"","meta":{"footnotes":""},"class_list":["post-13","page","type-page","status-publish","hentry"],"_links":{"self":[{"href":"https:\/\/www.toque-musicall.com\/index.php?rest_route=\/wp\/v2\/pages\/13","targetHints":{"allow":["GET"]}}],"collection":[{"href":"https:\/\/www.toque-musicall.com\/index.php?rest_route=\/wp\/v2\/pages"}],"about":[{"href":"https:\/\/www.toque-musicall.com\/index.php?rest_route=\/wp\/v2\/types\/page"}],"author":[{"embeddable":true,"href":"https:\/\/www.toque-musicall.com\/index.php?rest_route=\/wp\/v2\/users\/1"}],"replies":[{"embeddable":true,"href":"https:\/\/www.toque-musicall.com\/index.php?rest_route=%2Fwp%2Fv2%2Fcomments&post=13"}],"version-history":[{"count":1,"href":"https:\/\/www.toque-musicall.com\/index.php?rest_route=\/wp\/v2\/pages\/13\/revisions"}],"predecessor-version":[{"id":15,"href":"https:\/\/www.toque-musicall.com\/index.php?rest_route=\/wp\/v2\/pages\/13\/revisions\/15"}],"wp:attachment":[{"href":"https:\/\/www.toque-musicall.com\/index.php?rest_route=%2Fwp%2Fv2%2Fmedia&parent=13"}],"curies":[{"name":"wp","href":"https:\/\/api.w.org\/{rel}","templated":true}]}}