{"id":18,"date":"2012-06-03T19:43:49","date_gmt":"2012-06-03T19:43:49","guid":{"rendered":"http:\/\/www.toque-musicall.com\/?page_id=18"},"modified":"2012-06-03T19:52:32","modified_gmt":"2012-06-03T19:52:32","slug":"vitrine-toque-musical","status":"publish","type":"page","link":"https:\/\/www.toque-musicall.com\/?page_id=18","title":{"rendered":"Vitrine Toque Musical"},"content":{"rendered":"<p><a href=\"http:\/\/toque-music-all.blogspot.com.br\/?view=flipcard\"><img loading=\"lazy\" decoding=\"async\" class=\"alignnone size-large wp-image-21\" title=\"vitrine\" src=\"https:\/\/www.toque-musicall.com\/wp-content\/uploads\/vitrine-1024x440.jpg\" alt=\"\" width=\"584\" height=\"250\" srcset=\"https:\/\/www.toque-musicall.com\/wp-content\/uploads\/vitrine-1024x440.jpg 1024w, https:\/\/www.toque-musicall.com\/wp-content\/uploads\/vitrine-300x129.jpg 300w, https:\/\/www.toque-musicall.com\/wp-content\/uploads\/vitrine-500x215.jpg 500w, https:\/\/www.toque-musicall.com\/wp-content\/uploads\/vitrine.jpg 1821w\" sizes=\"auto, (max-width: 584px) 100vw, 584px\" \/><\/a><a href=\"http:\/\/toque-music-all.blogspot.com.br\/?view=flipcard\">Pesquise de maneira mais r\u00e1pida o acervo deste blog. Voc\u00ea ir\u00e1 visualizar todas as postagens em &#8216;flipcard&#8217;.<\/a><\/p>\n","protected":false},"excerpt":{"rendered":"<p>Pesquise de maneira mais r\u00e1pida o acervo deste blog. Voc\u00ea ir\u00e1 visualizar todas as postagens em &#8216;flipcard&#8217;.<\/p>\n","protected":false},"author":1,"featured_media":0,"parent":0,"menu_order":0,"comment_status":"open","ping_status":"closed","template":"","meta":{"footnotes":""},"class_list":["post-18","page","type-page","status-publish","hentry"],"_links":{"self":[{"href":"https:\/\/www.toque-musicall.com\/index.php?rest_route=\/wp\/v2\/pages\/18","targetHints":{"allow":["GET"]}}],"collection":[{"href":"https:\/\/www.toque-musicall.com\/index.php?rest_route=\/wp\/v2\/pages"}],"about":[{"href":"https:\/\/www.toque-musicall.com\/index.php?rest_route=\/wp\/v2\/types\/page"}],"author":[{"embeddable":true,"href":"https:\/\/www.toque-musicall.com\/index.php?rest_route=\/wp\/v2\/users\/1"}],"replies":[{"embeddable":true,"href":"https:\/\/www.toque-musicall.com\/index.php?rest_route=%2Fwp%2Fv2%2Fcomments&post=18"}],"version-history":[{"count":2,"href":"https:\/\/www.toque-musicall.com\/index.php?rest_route=\/wp\/v2\/pages\/18\/revisions"}],"predecessor-version":[{"id":22,"href":"https:\/\/www.toque-musicall.com\/index.php?rest_route=\/wp\/v2\/pages\/18\/revisions\/22"}],"wp:attachment":[{"href":"https:\/\/www.toque-musicall.com\/index.php?rest_route=%2Fwp%2Fv2%2Fmedia&parent=18"}],"curies":[{"name":"wp","href":"https:\/\/api.w.org\/{rel}","templated":true}]}}